{"id":10981,"date":"2014-04-30T09:56:43","date_gmt":"2014-04-30T06:56:43","guid":{"rendered":"https:\/\/www.addatours.com\/about-us\/"},"modified":"2026-04-18T21:05:19","modified_gmt":"2026-04-18T18:05:19","slug":"about-us","status":"publish","type":"page","link":"https:\/\/www.addatours.com\/tr\/about-us\/","title":{"rendered":"Hakk\u0131m\u0131zda"},"content":{"rendered":"<p data-start=\"1332\" data-end=\"1648\">Adda Tours, Kalkan merkezli, g\u00fcvenilir ve sayg\u0131n bir ba\u011f\u0131ms\u0131z seyahat \u015firketidir. B\u00f6lgede 20 y\u0131l\u0131 a\u015fk\u0131n deneyimimizle, g\u00fc\u00e7l\u00fc yerel bilgi birikimini profesyonel ve iyi organize edilmi\u015f bir hizmet anlay\u0131\u015f\u0131 ile birle\u015ftiriyor; hem uluslararas\u0131 tur operat\u00f6rleri hem de do\u011frudan rezervasyon yapan misafirlerle \u00e7al\u0131\u015f\u0131yoruz.<\/p>\n<p data-start=\"1650\" data-end=\"1939\">Havaliman\u0131 transferleri, ara\u00e7 kiralama ve \u00f6zenle haz\u0131rlanm\u0131\u015f tur ve aktivite programlar\u0131n\u0131 kapsayan geni\u015f bir hizmet yelpazesi sunuyoruz. \u0130ster bireysel ister grup olarak seyahat ediyor olun, t\u00fcm hizmetler planlar\u0131n\u0131za uygun \u015fekilde d\u00fczenlenir ve ba\u015ftan sona sorunsuz bir deneyim sa\u011flan\u0131r.<\/p>\n<p data-start=\"1941\" data-end=\"2211\">Kalkan ve Ka\u015f d\u0131\u015f\u0131n\u0131 ke\u015ffetmek isteyen misafirlerimiz i\u00e7in T\u00fcrkiye genelinde ki\u015fiye \u00f6zel seyahat programlar\u0131 da haz\u0131rl\u0131yoruz. Deneyimli yerel ekibimiz, esnek yakla\u015f\u0131m\u0131, detaylara verdi\u011fi \u00f6nem ve b\u00f6lgeye h\u00e2kimiyeti ile seyahatinizden en iyi \u015fekilde faydalanman\u0131z\u0131 sa\u011flar.<\/p>\n<p data-start=\"2213\" data-end=\"2374\">\u0130lk kez geliyor ya da Kalkan\u2019a yeniden d\u00f6n\u00fcyor olman\u0131z fark etmeksizin, ekibimiz konaklaman\u0131z\u0131n sorunsuz ve keyifli ge\u00e7mesi i\u00e7in her a\u015famada yan\u0131n\u0131zda olacakt\u0131r.<\/p>\n<p data-start=\"2376\" data-end=\"2477\">Adda Tours, TURSAB\u2019a kay\u0131tl\u0131 (Belge No: 9482) Luxury Lycia Travel b\u00fcnyesinde faaliyet g\u00f6stermektedir.<\/p>\n","protected":false},"excerpt":{"rendered":"<p>Adda Tours, Kalkan merkezli, g\u00fcvenilir ve sayg\u0131n bir ba\u011f\u0131ms\u0131z seyahat \u015firketidir. B\u00f6lgede 20 y\u0131l\u0131 a\u015fk\u0131n deneyimimizle, g\u00fc\u00e7l\u00fc yerel bilgi birikimini profesyonel ve iyi organize edilmi\u015f&hellip;<\/p>\n","protected":false},"author":1,"featured_media":0,"parent":0,"menu_order":0,"comment_status":"open","ping_status":"open","template":"","meta":{"_acf_changed":false,"footnotes":""},"class_list":["post-10981","page","type-page","status-publish","hentry"],"acf":[],"_links":{"self":[{"href":"https:\/\/www.addatours.com\/tr\/wp-json\/wp\/v2\/pages\/10981","targetHints":{"allow":["GET"]}}],"collection":[{"href":"https:\/\/www.addatours.com\/tr\/wp-json\/wp\/v2\/pages"}],"about":[{"href":"https:\/\/www.addatours.com\/tr\/wp-json\/wp\/v2\/types\/page"}],"author":[{"embeddable":true,"href":"https:\/\/www.addatours.com\/tr\/wp-json\/wp\/v2\/users\/1"}],"replies":[{"embeddable":true,"href":"https:\/\/www.addatours.com\/tr\/wp-json\/wp\/v2\/comments?post=10981"}],"version-history":[{"count":2,"href":"https:\/\/www.addatours.com\/tr\/wp-json\/wp\/v2\/pages\/10981\/revisions"}],"predecessor-version":[{"id":10986,"href":"https:\/\/www.addatours.com\/tr\/wp-json\/wp\/v2\/pages\/10981\/revisions\/10986"}],"wp:attachment":[{"href":"https:\/\/www.addatours.com\/tr\/wp-json\/wp\/v2\/media?parent=10981"}],"curies":[{"name":"wp","href":"https:\/\/api.w.org\/{rel}","templated":true}]}}