{"id":10989,"date":"2014-06-02T15:47:20","date_gmt":"2014-06-02T12:47:20","guid":{"rendered":"https:\/\/www.addatours.com\/car-hire-terms\/"},"modified":"2026-04-19T00:01:49","modified_gmt":"2026-04-18T21:01:49","slug":"car-hire-terms","status":"publish","type":"page","link":"https:\/\/www.addatours.com\/tr\/car-hire-terms\/","title":{"rendered":"Ara\u00e7 Kiralama \u015eartlar\u0131"},"content":{"rendered":"<p><strong>ARA\u00c7 K\u0130RALAMA S\u00d6ZLE\u015eMES\u0130 KO\u015eULLARI<br \/>\n<\/strong><br \/>\nBu s\u00f6zle\u015fmede belirtilen arac\u0131 kira ile veren \u201cKiralayan\u201d, kira kar\u015f\u0131l\u0131\u011f\u0131nda kullanmak \u00fczere olan \u201ckirac\u0131\u201d olarak adland\u0131r\u0131lacakt\u0131r.<\/p>\n<p>GENEL KO\u015eULLAR<br \/>\n1) Kiralayan; m\u00fclkiyetinde bulunan arac\u0131, a\u015fa\u011f\u0131da belirtilen ko\u015fullara uyulmas\u0131 \u015fart\u0131yla, kirac\u0131ya, \u00f6nceden saptanan s\u00fcre i\u00e7in vermi\u015ftir. Kirac\u0131, bu ekle s\u00f6zle\u015fmede yaz\u0131l\u0131 g\u00fcn ve saatte, ayn\u0131 \u015fekilde, ald\u0131\u011f\u0131 yerde geri verece\u011fini kabul etmi\u015ftir. Kira s\u00fcresini; en az 24 saat \u00f6ncesinden haber verip, kiralayan\u0131n muvafakatini almak ve kira depozitine gerekli miktar\u0131 eklemek kayd\u0131yla uzatabilir.<br \/>\n2) Kirac\u0131, arac\u0131 a\u015fa\u011f\u0131da belirtilen durumlarda kullanmayaca\u011f\u0131n\u0131 kabul ve taahh\u00fct eder. T.C. kanunlar\u0131nca ta\u015f\u0131nmas\u0131 su\u00e7 say\u0131lan her t\u00fcrl\u00fc e\u015fyan\u0131n ta\u015f\u0131nmas\u0131 ve di\u011fer gayri kanuni i\u015flerde,<br \/>\nA. Ba\u015fka bir arac\u0131 veya romork\u00fc \u00e7ekmekte veya itmekte<br \/>\nB. Yar\u0131\u015f h\u0131z ve h\u0131z tayini, ralli, denemeler, motorlu sporlarda<br \/>\nC. Normal trafi\u011fe kapal\u0131 ve uygun olmayan yollarda<br \/>\nD. Trafik kurallar\u0131 taraf\u0131ndan saptanm\u0131\u015f yolcu say\u0131s\u0131n\u0131n \u00fcst\u00fcnde yolcu ve her ne \u015fekilde olursa olsun bagaj<br \/>\nd\u0131\u015f\u0131 y\u00fck ve patlay\u0131c\u0131, parlay\u0131c\u0131 maddeler ta\u015f\u0131nmas\u0131nda,<br \/>\nE. Alkol ve uyu\u015fturucu maddelerin etkisi alt\u0131nda, f. \u00d6deme \u015fekli ne olursa olsun, ivaz kar\u015f\u0131l\u0131\u011f\u0131nda, yolcu ve<br \/>\nmal ta\u015f\u0131mada<br \/>\n3) S\u00f6zle\u015fmenin d\u00fczenlendi\u011fi s\u0131rada, kirac\u0131n\u0131n 21 ya\u015f\u0131n\u0131 doldurmu\u015f olmas\u0131, en az iki y\u0131ll\u0131k, ge\u00e7erli ehliyetini<br \/>\nibraz\u0131 gerekir.<br \/>\n4) Kirac\u0131; kiralayan\u0131n onay\u0131 olmaks\u0131z\u0131n, arac\u0131 \u00fc\u00e7\u00fcnc\u00fc \u015fah\u0131slara kulland\u0131ramaz. Bu durumda kirac\u0131 arac\u0131 kullanacak \u00fc\u00e7\u00fcnc\u00fc \u015fahs\u0131n kimlik, adres ve ehliyetine ili\u015fkin bilgileri s\u00f6zle\u015fmeye kaydettirmeye ve kiralanan vas\u0131tay\u0131 kullanma yetkisi tan\u0131d\u0131\u011f\u0131 ki\u015finin, bu kontrat\u0131n t\u00fcm ko\u015fullar\u0131na tamamen uymas\u0131n\u0131 sa\u011flamaya mecburdur. Arac\u0131 kullanan ki\u015filer, kontratta imzalar\u0131 olmasa dahi kirac\u0131 ile birlikte m\u00fcteselsilen sorumludurlar.<br \/>\n5) Kirac\u0131; Bu s\u00f6zle\u015fmede belirtilen ikametgah adresinin do\u011frulu\u011funu beyanla, bu adresteki her hangi bir de\u011fi\u015fikli\u011fi kiralayana derhal yaz\u0131l\u0131 olarak bildirece\u011fini, aksi takdirde s\u00f6zle\u015fmede yaz\u0131l\u0131 adresine yap\u0131lacak gerek idari gerekse hukuki tebligatlar\u0131n ge\u00e7erli say\u0131laca\u011f\u0131n\u0131 ve tebli\u011f konusunda herhangi bir itirazda bulunulmayaca\u011f\u0131n\u0131 taahh\u00fcd eder.<br \/>\n6) Kirac\u0131, seyir d\u0131\u015f\u0131nda arac\u0131 trafik kurallar\u0131na uygun ve g\u00fcvenli\u011fini sa\u011flayacak bi\u00e7imde emniyetli bir yerde<br \/>\nkapal\u0131 ve kilitli olarak park etmekle y\u00fck\u00fcml\u00fcd\u00fcr.<br \/>\n7) Kirac\u0131, arac\u0131 kiralayana teslim an\u0131nda, araca ait resmi belgeleri (Trafik belgesi, Tescil belgesi, Sigorta, Plakalar) iade edilmedi\u011finde bunlar\u0131n teminine kadar ge\u00e7ecek s\u00fcreye ait kiray\u0131 \u00f6deyece\u011fi gibi, kayb\u0131 halinde yenilerinin al\u0131nmas\u0131 i\u00e7in yap\u0131lacak giderleri de \u00f6demekle y\u00fck\u00fcml\u00fcd\u00fcr.<br \/>\n8) Arac\u0131n; herhangi bir olay nedeniyle, kirac\u0131n\u0131n; kusuru olsun ya da olmas\u0131n, yetkili makamlarca m\u00fcsaderesi veya el konmas\u0131 halinde geri al\u0131nmas\u0131 i\u00e7in yap\u0131lacak olan her t\u00fcrl\u00fc giri\u015fime ili\u015fkin harcamalar bedeli, kirac\u0131 taraf\u0131ndan kiralayana nakten ve defaten \u00f6denir.<br \/>\n9) Trafik cezalar\u0131 ve arac\u0131n trafik\u00e7e \u00e7ekilmesi s\u0131ras\u0131nda meydana gelecek hasar kirac\u0131ya ait olup, arac\u0131n trafik\u00e7e al\u0131konulmas\u0131 durumunda bu s\u00fcre kiralama s\u00fcresine dahil edilir.<br \/>\n10) Kirac\u0131 arac\u0131 kiralayana iadesinden sonra ara\u00e7ta b\u0131rak\u0131lan herhangi bir mal\u0131n kayb\u0131ndan veya hasarlanmas\u0131ndan do\u011facak herhangi bir sorumluluktan, bunlarla ilgili masraflarda dahil kiralayan\u0131 pe\u015finen ibra etmi\u015ftir.<br \/>\n11) Kiralayan; arac\u0131n \u00fcretimini yapmad\u0131\u011f\u0131ndan, vas\u0131tan\u0131n ve yedek par\u00e7alar\u0131n\u0131n mekanik veya imalat hatas\u0131ndan meydana gelebilecek kaza, herhangi bir kay\u0131p ve sakatl\u0131ktan sorumlu tutulamaz.<br \/>\n12) Kiralayan\u0131n yaz\u0131l\u0131 izni olmaks\u0131z\u0131n ara\u00e7lar yurt d\u0131\u015f\u0131na \u00e7\u0131kar\u0131lamaz.<br \/>\n13) Kirac\u0131, hi\u00e7bir \u015fekilde bu s\u00f6zle\u015fmede do\u011fan haklar\u0131, arac\u0131n i\u00e7indeki donan\u0131m ve gere\u00e7leri devir, temlik ve terhin edemez. Bunlar\u0131 kiralayana zarar verecek bi\u00e7imde kullanamaz.<br \/>\n14) Her durumda kirac\u0131 ve kiralayan, \u00fc\u00e7\u00fcnc\u00fc \u015fah\u0131slara kar\u015f\u0131 sahip olduklar\u0131 tazminat haklar\u0131n\u0131n takibinden birbirlerine gerekli kolayl\u0131klar\u0131 g\u00f6sterip, haklar\u0131 oran\u0131nda birbirlerine vekalet vermek ve de dava haklar\u0131n\u0131n temlik etmek zorunda olup, yarg\u0131lama giderleri bu oran dahilinde payla\u015f\u0131l\u0131r.<br \/>\n15) Kirac\u0131, kira kontrat\u0131nda belirtilen \u015fahsi bilgilerinin kiralayan\u0131n \u015fahsi dosyas\u0131nda saklanmas\u0131na, ayr\u0131ca kiran\u0131n zaman\u0131nda \u00f6denmesine, arac\u0131n zaman\u0131nda teslim edilmesi gibi s\u00f6zle\u015fmeye ayk\u0131r\u0131 durumlarda, ad\u0131n\u0131n uyar\u0131 listesine yaz\u0131lmas\u0131na pe\u015finen muvafakat eder.<br \/>\n16) Kiralayan; kirac\u0131n\u0131n belirtilen \u015fartlardan her hangi birine uyulmamas\u0131 durumunda cezai yollara ba\u015fvurmaya tedbir veya h\u00fck\u00fcm istihsaline hacet kalmaks\u0131z\u0131n. Arac\u0131n derhal geri alabilir dilerse pe\u015fin verilmi\u015f<br \/>\nkira bedelini irad kaydedebilir.<br \/>\n17) Kiralayan; bir sebep g\u00f6stermek ve tazminat \u00f6demek zorunda olmaks\u0131z\u0131n s\u00f6zle\u015fmeyi diledi\u011fi zaman fesh edebilece\u011fi gibi uzatmaktan da ka\u00e7\u0131nabilir.<br \/>\n18) Benzin \u00fccreti kirac\u0131ya aittir.<br \/>\n19) BAKIM: Kirac\u0131; kira s\u00fcresi i\u00e7inde, arac\u0131n ya\u011f\u0131n\u0131, suyu ve lastik havalar\u0131n\u0131 kontrol etmekle y\u00fck\u00fcml\u00fcd\u00fcr. Kirac\u0131: kira s\u00fcresi i\u00e7inde vas\u0131tan\u0131n periyodik bak\u0131mlar\u0131n\u0131n, ya\u011f de\u011fi\u015fimi ve benzeri gibi kiralayan\u0131n en yak\u0131n b\u00fcrosuna ba\u015f vurarak \u00fccretsiz yapt\u0131racakt\u0131r. Bunun m\u00fcmk\u00fcn olmad\u0131\u011f\u0131 hallerde ak\u0131m\u0131 yetkili servis istasyonunda yapt\u0131racak masraflar\u0131 kiralayan\u0131n ad\u0131na alaca\u011f\u0131 fatura kar\u015f\u0131l\u0131\u011f\u0131nda kendisine iade edilecektir.<br \/>\n20) TAM\u0130RAT: Normal kullanma ve eskime sonucu yap\u0131lan tamirat, yedek par\u00e7a ve lastik de\u011fi\u015ftirme masraflar\u0131 kiralayana aittir. Normal kullan\u0131m harici, ihmal ve hatal\u0131 kullan\u0131m sonucu (ya\u011fs\u0131z, susuz kullan\u0131m, donma, lastik yar\u0131lmas\u0131 gibi) yap\u0131lacak tamirat, par\u00e7a ve lastik masraflar\u0131 ile arac\u0131n hareket etmemi\u015f durumunda kiraland\u0131\u011f\u0131 yere getirilmesi i\u00e7in yap\u0131lan ta\u015f\u0131ma harcamalar\u0131 ve ge\u00e7erli tarife \u00fczerinden hesaplanarak arac\u0131n i\u015ften kalma \u00fccreti kirac\u0131ya aittir. Acil durumlarda gerekebilecek acil onar\u0131mlar, kiralayan\u0131n en yak\u0131n b\u00fcrosuna bildirilip onay\u0131 al\u0131narak yapt\u0131r\u0131l\u0131r, masraflar\u0131 kiralayan\u0131n ad\u0131na ald\u0131\u011f\u0131 fatura kar\u015f\u0131l\u0131\u011f\u0131nda kirac\u0131ya iade edilir.<br \/>\n21) Taraflar aras\u0131nda yaz\u0131l\u0131 olarak kararla\u015ft\u0131r\u0131lmad\u0131k\u00e7a bu \u015fartlardaki herhangi bir ilave veya de\u011fi\u015fiklik h\u00fck\u00fcms\u00fczd\u00fcr.<br \/>\n22) Kirac\u0131 ile kiralayan aras\u0131ndaki anla\u015fmazl\u0131klar Antalya Mahkemeleri ve \u0130cra Dairelerinde, T.C. Kanunlar\u0131na g\u00f6re \u00e7\u00f6z\u00fcmlenecektir.<br \/>\n23) \u00d6DEME: Kirac\u0131: ge\u00e7erli fiyat tarifesindeki kira bedeli ile imzas\u0131n\u0131 atarak kabul etti\u011fi se\u00e7enekli maddelerin bedelini ve kira sonunda ortaya \u00e7\u0131kabilecek \u00fccretleri, kanunen uygulanan vergileri ile \u00f6demeyi kabul eder. S\u00f6zle\u015fmenin d\u00fczenlenmesi s\u0131ras\u0131nda o tarihte ge\u00e7erli tarifeye g\u00f6re yakla\u015f\u0131k kira tutar\u0131 \u00fczerinden depozit al\u0131n\u0131r. Bu depozito kiralama bitiminde saptanacak kesin hesap sonucuna g\u00f6re tasfiye edilir. Kirac\u0131 bu s\u00f6zle\u015fme ile tahakkuk edecek bor\u00e7lar\u0131ndan mahsup edemez. \u00d6demeler nakden ve defaten yap\u0131l\u0131r. Kirac\u0131 gecikmelerde, \u00f6denmeyen miktar \u00fczerinden, y\u0131ll\u0131k vadeli mevduata uygulanan faizi \u00f6demeyi bile itiraz kabul ve taahh\u00fct eder. Bir g\u00fcnl\u00fck kira 24 saat, haftal\u0131k veya ayl\u0131k kira s\u00fcreleri ise 7 ve 30 g\u00fcn \u00fczerinden hesap edilir. 3 saati ge\u00e7en gecikmeler tam g\u00fcn olarak hesaplan\u0131r.<br \/>\n24) S\u0130GORTA:<br \/>\nA) Kiralanan ara\u00e7lar; Karayollar\u0131 Trafik Yasas\u0131 uyar\u0131nca zarar g\u00f6ren \u00fc\u00e7\u00fcnc\u00fc \u015fah\u0131slara kar\u015f\u0131, yasal poli\u00e7e s\u0131n\u0131rlar\u0131 i\u00e7inde Mecburi Mali Mesuliyet Sigortas\u0131 ile sigortalanm\u0131\u015ft\u0131r. Kiralayan; \u00fc\u00e7\u00fcnc\u00fc \u015fah\u0131slara zarar veren kazalar sonucu olu\u015facak sorumlulu\u011fu, her ara\u00e7 i\u00e7in yapt\u0131r\u0131lm\u0131\u015f. Mecburi Mali Mesuliyet Sigortas\u0131 teminat kapsam\u0131 hadleri halinde kalmak \u015fart\u0131 ile, sigorta \u015firketinden alaca\u011f\u0131 tazminat miktar\u0131nda y\u00fcklenir. Bu hadlerin \u00fcst\u00fcndeki sorumluluk ve kazaya u\u011frayan ki\u015filerin ve yak\u0131nlar\u0131n\u0131n manevi tazminat talepleri kapsam\u0131 hadleri dahilinde kalmak \u015fart\u0131 ile, sigorta \u015firketinden alaca\u011f\u0131 tazminat miktar\u0131nda y\u00fcklenir. Bu hadlerin \u00fcst\u00fcndeki sorumluluk ve kazaya u\u011frayan ki\u015filerin ve yak\u0131nlar\u0131n\u0131n manevi tazminat talepleri kirac\u0131ya ait olup, kiralayan, kirac\u0131ya r\u00fccu hakk\u0131n\u0131 mahfuz tutar.<br \/>\nB) Kirac\u0131 kiralad\u0131\u011f\u0131 arac\u0131n \u00e7al\u0131\u015fmas\u0131ndan veya her t\u00fcrl\u00fc kaza sonucu u\u011frayaca\u011f\u0131 zararlardan, arac\u0131n kiraland\u0131\u011f\u0131 yere getirilmesi i\u00e7in yap\u0131lan ta\u015f\u0131ma harcamalar\u0131ndan ve arac\u0131n tamir s\u00fcresince i\u015flem kalma \u00fccretinden itirazs\u0131z sorumludur.<br \/>\nC) Ancak: kiran\u0131n ba\u015flang\u0131c\u0131nda belirlenen hasar muafiyet pirimini \u00f6demeyi kabul eden kirac\u0131, a\u015fa\u011f\u0131da belirtilen \u015fartlar\u0131 yerine getirdi\u011fi takdirde bu sorumluluklardan kurtulur.<br \/>\na- Kirac\u0131 ve yetkili s\u00fcr\u00fcc\u00fc; doktor raporu ile saptanm\u0131\u015f engelleyici durumu yoksa, kaza yerinde gereken g\u00fcvenlik \u00f6nlemlerini alacak, hasarl\u0131 araca her \u015fekilde olursa olsun m\u00fcdahale etmeyecek, ilgili ki\u015fi ve tan\u0131klar\u0131n isim adreslerini tespit edecek, kazay\u0131 kiralayan ve en yak\u0131n g\u00f6revlilerine derhal haber verecektir.<br \/>\nb- Sorumluluk ve su\u00e7un takdiri yetkili makamlara ait oldu\u011fundan, ifadesinde sadece olay\u0131n olu\u015f tarz\u0131n\u0131<br \/>\nanlatacak pe\u015finen su\u00e7u ve sorumlulu\u011fu kabullenmeyecektir.<br \/>\nc- Kirac\u0131; kazan\u0131n oldu\u011fu en yak\u0131n yere en yak\u0131n yetkili makamdan al\u0131nm\u0131\u015f (Trafik Polisi veya Jandarma) Trafik Kazas\u0131 Tespit Tutana\u011f\u0131\u2019n\u0131 alkol raporunu, \u015fahit isim ve adreslerini, en ge\u00e7 48 saat i\u00e7inde kiralayana teslim edecektir.<br \/>\nd- \u00c7al\u0131nma halinde, kirac\u0131, derhal en yak\u0131n polis veya jandarma karakoluna ve kiralayana haber verecektir.<br \/>\nTEM\u0130NAT DI\u015eINDA KALAN HALLER<br \/>\n1) Kaza ve alkol raporunun olmad\u0131\u011f\u0131 durumlar<br \/>\n2) Kazan\u0131n s\u00f6zle\u015fmede ad\u0131 yaz\u0131l\u0131 olmayan bir s\u00fcr\u00fcc\u00fcn\u00fcn y\u00f6netiminde meydana gelmesi durumu<br \/>\n3) S\u00fcr\u00fcc\u00fcn\u00fcn kaza s\u0131ras\u0131nda alkol veya uyu\u015fturucu etkisi alt\u0131nda oldu\u011fu durumlar<br \/>\n4) S\u00fcr\u00fcc\u00fcn\u00fcn ge\u00e7erli ehliyete sahip olmad\u0131\u011f\u0131 durumlar<br \/>\n5) Trafik kurallar\u0131n\u0131n ihlali ve a\u015f\u0131r\u0131 h\u0131z dolay\u0131s\u0131yla meydana gelen kazalar<br \/>\n6) S\u00fcr\u00fcc\u00fcn\u00fcn %100 kusurlu oldu\u011fu durumlar<br \/>\n7) Kira s\u00f6zle\u015fmesinde belirtilen s\u00fcre d\u0131\u015f\u0131nda meydana gelen kaza ve hasarlar<br \/>\n8) Ba\u015fka bir arac\u0131n ya da hareket eden veya etmeyen nesnelerin \u00e7ekilmesi, itilmesi, y\u00fcklenerek ta\u015f\u0131nmas\u0131 s\u0131ras\u0131nda meydana gelecek kaza ve hasarlar,<br \/>\n9) Arac\u0131n, yar\u0131\u015f, h\u0131z tayini, ralli denemeleri, motorlu sporlar s\u0131ras\u0131nda veya normal trafi\u011fe kapal\u0131, uygun olmayan yollarda kullan\u0131lmas\u0131 s\u0131ras\u0131nda meydana gelecek kazalar hasarlar<br \/>\n10) Trafik kurallar\u0131 taraf\u0131ndan saptanm\u0131\u015f yolcu say\u0131s\u0131n\u0131n \u00fcst\u00fcnde yolcu ve her ne \u015fekilde olursa olsun bagaj d\u0131\u015f\u0131 y\u00fck ve patlay\u0131c\u0131, parlay\u0131c\u0131 maddeler ta\u015f\u0131nmas\u0131 s\u0131ras\u0131nda meydana gelecek kaza ve hasarlar<br \/>\n11) Sigara ve emsali yak\u0131c\u0131 maddenin tesiri ile alevli bir yang\u0131n ba\u015flang\u0131c\u0131 olmaks\u0131z\u0131n husule gelen yan\u0131klar 12) Arac\u0131n d\u00f6\u015femesinde meydana gelecek yan\u0131k ve lekeler<br \/>\n13) Hatal\u0131 kullan\u0131mdan meydana gelecek lastik yar\u0131lmalar\u0131, teminat d\u0131\u015f\u0131nda olup, bu durumlarda meydana gelecek hasarlardan tamamen kirac\u0131 sorumludur.<br \/>\n14) Kendisine atf\u0131 kabul olmayan her t\u00fcrl\u00fc fiil ve ihmalden dolay\u0131 sigorta tazminat\u0131ndan k\u0131smen veya hi\u00e7 istifade edemeyen kiralayan tahsil edemedi\u011fi zarar i\u00e7in ve arac\u0131n i\u015ften kalma tazminat\u0131 i\u00e7in kirac\u0131ya r\u00fccu hakk\u0131na sahiptir.<\/p>\n","protected":false},"excerpt":{"rendered":"<p>ARA\u00c7 K\u0130RALAMA S\u00d6ZLE\u015eMES\u0130 KO\u015eULLARI Bu s\u00f6zle\u015fmede belirtilen arac\u0131 kira ile veren \u201cKiralayan\u201d, kira kar\u015f\u0131l\u0131\u011f\u0131nda kullanmak \u00fczere olan \u201ckirac\u0131\u201d olarak adland\u0131r\u0131lacakt\u0131r. GENEL KO\u015eULLAR 1) Kiralayan; m\u00fclkiyetinde&hellip;<\/p>\n","protected":false},"author":1,"featured_media":0,"parent":0,"menu_order":0,"comment_status":"open","ping_status":"open","template":"","meta":{"_acf_changed":false,"footnotes":""},"class_list":["post-10989","page","type-page","status-publish","hentry"],"acf":[],"yoast_head":"<!-- This site is optimized with the Yoast SEO plugin v27.5 - https:\/\/yoast.com\/product\/yoast-seo-wordpress\/ -->\n<title>Ara\u00e7 Kiralama \u015eartlar\u0131 - Adda Tours. Kalkan Airport Transfer Car Hire<\/title>\n<meta name=\"robots\" content=\"index, follow, max-snippet:-1, max-image-preview:large, max-video-preview:-1\" \/>\n<link rel=\"canonical\" href=\"https:\/\/www.addatours.com\/tr\/car-hire-terms\/\" \/>\n<meta property=\"og:locale\" content=\"tr_TR\" \/>\n<meta property=\"og:type\" content=\"article\" \/>\n<meta property=\"og:title\" content=\"Ara\u00e7 Kiralama \u015eartlar\u0131 - Adda Tours. Kalkan Airport Transfer Car Hire\" \/>\n<meta property=\"og:description\" content=\"ARA\u00c7 K\u0130RALAMA S\u00d6ZLE\u015eMES\u0130 KO\u015eULLARI Bu s\u00f6zle\u015fmede belirtilen arac\u0131 kira ile veren \u201cKiralayan\u201d, kira kar\u015f\u0131l\u0131\u011f\u0131nda kullanmak \u00fczere olan \u201ckirac\u0131\u201d olarak adland\u0131r\u0131lacakt\u0131r. GENEL KO\u015eULLAR 1) Kiralayan; m\u00fclkiyetinde&hellip;\" \/>\n<meta property=\"og:url\" content=\"https:\/\/www.addatours.com\/tr\/car-hire-terms\/\" \/>\n<meta property=\"og:site_name\" content=\"Adda Tours. Kalkan Airport Transfer Car Hire\" \/>\n<meta property=\"article:publisher\" content=\"https:\/\/www.facebook.com\/AddaTours\/\" \/>\n<meta property=\"article:modified_time\" content=\"2026-04-18T21:01:49+00:00\" \/>\n<meta name=\"twitter:label1\" content=\"Est. reading time\" \/>\n\t<meta name=\"twitter:data1\" content=\"9 minutes\" \/>\n<script type=\"application\/ld+json\" class=\"yoast-schema-graph\">{\"@context\":\"https:\\\/\\\/schema.org\",\"@graph\":[{\"@type\":\"WebPage\",\"@id\":\"https:\\\/\\\/www.addatours.com\\\/tr\\\/car-hire-terms\\\/\",\"url\":\"https:\\\/\\\/www.addatours.com\\\/tr\\\/car-hire-terms\\\/\",\"name\":\"Ara\u00e7 Kiralama \u015eartlar\u0131 - Adda Tours. Kalkan Airport Transfer Car Hire\",\"isPartOf\":{\"@id\":\"https:\\\/\\\/www.addatours.com\\\/tr\\\/#website\"},\"datePublished\":\"2014-06-02T12:47:20+00:00\",\"dateModified\":\"2026-04-18T21:01:49+00:00\",\"breadcrumb\":{\"@id\":\"https:\\\/\\\/www.addatours.com\\\/tr\\\/car-hire-terms\\\/#breadcrumb\"},\"inLanguage\":\"tr\",\"potentialAction\":[{\"@type\":\"ReadAction\",\"target\":[\"https:\\\/\\\/www.addatours.com\\\/tr\\\/car-hire-terms\\\/\"]}]},{\"@type\":\"BreadcrumbList\",\"@id\":\"https:\\\/\\\/www.addatours.com\\\/tr\\\/car-hire-terms\\\/#breadcrumb\",\"itemListElement\":[{\"@type\":\"ListItem\",\"position\":1,\"name\":\"Home\",\"item\":\"https:\\\/\\\/www.addatours.com\\\/tr\\\/\"},{\"@type\":\"ListItem\",\"position\":2,\"name\":\"Ara\u00e7 Kiralama \u015eartlar\u0131\"}]},{\"@type\":\"WebSite\",\"@id\":\"https:\\\/\\\/www.addatours.com\\\/tr\\\/#website\",\"url\":\"https:\\\/\\\/www.addatours.com\\\/tr\\\/\",\"name\":\"Adda Tours. Kalkan Airport Transfer Car Hire\",\"description\":\"Airport Transfers, Car Hire, Rent a car, Dalaman, Antalya, Kalkan\",\"potentialAction\":[{\"@type\":\"SearchAction\",\"target\":{\"@type\":\"EntryPoint\",\"urlTemplate\":\"https:\\\/\\\/www.addatours.com\\\/tr\\\/?s={search_term_string}\"},\"query-input\":{\"@type\":\"PropertyValueSpecification\",\"valueRequired\":true,\"valueName\":\"search_term_string\"}}],\"inLanguage\":\"tr\"}]}<\/script>\n<!-- \/ Yoast SEO plugin. -->","yoast_head_json":{"title":"Ara\u00e7 Kiralama \u015eartlar\u0131 - Adda Tours. Kalkan Airport Transfer Car Hire","robots":{"index":"index","follow":"follow","max-snippet":"max-snippet:-1","max-image-preview":"max-image-preview:large","max-video-preview":"max-video-preview:-1"},"canonical":"https:\/\/www.addatours.com\/tr\/car-hire-terms\/","og_locale":"tr_TR","og_type":"article","og_title":"Ara\u00e7 Kiralama \u015eartlar\u0131 - Adda Tours. Kalkan Airport Transfer Car Hire","og_description":"ARA\u00c7 K\u0130RALAMA S\u00d6ZLE\u015eMES\u0130 KO\u015eULLARI Bu s\u00f6zle\u015fmede belirtilen arac\u0131 kira ile veren \u201cKiralayan\u201d, kira kar\u015f\u0131l\u0131\u011f\u0131nda kullanmak \u00fczere olan \u201ckirac\u0131\u201d olarak adland\u0131r\u0131lacakt\u0131r. GENEL KO\u015eULLAR 1) Kiralayan; m\u00fclkiyetinde&hellip;","og_url":"https:\/\/www.addatours.com\/tr\/car-hire-terms\/","og_site_name":"Adda Tours. Kalkan Airport Transfer Car Hire","article_publisher":"https:\/\/www.facebook.com\/AddaTours\/","article_modified_time":"2026-04-18T21:01:49+00:00","twitter_misc":{"Est. reading time":"9 minutes"},"schema":{"@context":"https:\/\/schema.org","@graph":[{"@type":"WebPage","@id":"https:\/\/www.addatours.com\/tr\/car-hire-terms\/","url":"https:\/\/www.addatours.com\/tr\/car-hire-terms\/","name":"Ara\u00e7 Kiralama \u015eartlar\u0131 - Adda Tours. Kalkan Airport Transfer Car Hire","isPartOf":{"@id":"https:\/\/www.addatours.com\/tr\/#website"},"datePublished":"2014-06-02T12:47:20+00:00","dateModified":"2026-04-18T21:01:49+00:00","breadcrumb":{"@id":"https:\/\/www.addatours.com\/tr\/car-hire-terms\/#breadcrumb"},"inLanguage":"tr","potentialAction":[{"@type":"ReadAction","target":["https:\/\/www.addatours.com\/tr\/car-hire-terms\/"]}]},{"@type":"BreadcrumbList","@id":"https:\/\/www.addatours.com\/tr\/car-hire-terms\/#breadcrumb","itemListElement":[{"@type":"ListItem","position":1,"name":"Home","item":"https:\/\/www.addatours.com\/tr\/"},{"@type":"ListItem","position":2,"name":"Ara\u00e7 Kiralama \u015eartlar\u0131"}]},{"@type":"WebSite","@id":"https:\/\/www.addatours.com\/tr\/#website","url":"https:\/\/www.addatours.com\/tr\/","name":"Adda Tours. Kalkan Airport Transfer Car Hire","description":"Airport Transfers, Car Hire, Rent a car, Dalaman, Antalya, Kalkan","potentialAction":[{"@type":"SearchAction","target":{"@type":"EntryPoint","urlTemplate":"https:\/\/www.addatours.com\/tr\/?s={search_term_string}"},"query-input":{"@type":"PropertyValueSpecification","valueRequired":true,"valueName":"search_term_string"}}],"inLanguage":"tr"}]}},"_links":{"self":[{"href":"https:\/\/www.addatours.com\/tr\/wp-json\/wp\/v2\/pages\/10989","targetHints":{"allow":["GET"]}}],"collection":[{"href":"https:\/\/www.addatours.com\/tr\/wp-json\/wp\/v2\/pages"}],"about":[{"href":"https:\/\/www.addatours.com\/tr\/wp-json\/wp\/v2\/types\/page"}],"author":[{"embeddable":true,"href":"https:\/\/www.addatours.com\/tr\/wp-json\/wp\/v2\/users\/1"}],"replies":[{"embeddable":true,"href":"https:\/\/www.addatours.com\/tr\/wp-json\/wp\/v2\/comments?post=10989"}],"version-history":[{"count":3,"href":"https:\/\/www.addatours.com\/tr\/wp-json\/wp\/v2\/pages\/10989\/revisions"}],"predecessor-version":[{"id":11032,"href":"https:\/\/www.addatours.com\/tr\/wp-json\/wp\/v2\/pages\/10989\/revisions\/11032"}],"wp:attachment":[{"href":"https:\/\/www.addatours.com\/tr\/wp-json\/wp\/v2\/media?parent=10989"}],"curies":[{"name":"wp","href":"https:\/\/api.w.org\/{rel}","templated":true}]}}