{"id":10992,"date":"2014-04-24T09:28:51","date_gmt":"2014-04-24T06:28:51","guid":{"rendered":"https:\/\/www.addatours.com\/airport-transfers\/"},"modified":"2026-04-18T21:17:02","modified_gmt":"2026-04-18T18:17:02","slug":"airport-transfers","status":"publish","type":"page","link":"https:\/\/www.addatours.com\/tr\/airport-transfers\/","title":{"rendered":"Havaliman\u0131 Transferleri"},"content":{"rendered":"<p data-start=\"127\" data-end=\"240\">Havaliman\u0131nda sizi kar\u015f\u0131l\u0131yor ve \u00f6nceden rezervasyon yapt\u0131\u011f\u0131n\u0131z konaklaman\u0131za konforlu bir \u015fekilde ula\u015ft\u0131r\u0131yoruz.<\/p>\n<p data-start=\"242\" data-end=\"528\">\u00d6zellikle gece saatlerinde yeni bir \u00fclkeye varmak belirsizlik yaratabilir. Havaliman\u0131 transfer hizmetimiz ile yolculu\u011funuza tamamen i\u00e7iniz rahat bir \u015fekilde devam edebilirsiniz. S\u00fcr\u00fcc\u00fcn\u00fcz var\u0131\u015fta sizi kar\u015f\u0131lar ve modern, klimal\u0131 ara\u00e7lar\u0131m\u0131zdan biri ile do\u011frudan konaklaman\u0131za ula\u015ft\u0131r\u0131r.<\/p>\n<p data-start=\"530\" data-end=\"729\">B\u00f6lgede uzun y\u0131llara dayanan deneyime sahip bir seyahat acentesi olarak, t\u00fcm misafirlerimizi havaliman\u0131nda bizzat kar\u015f\u0131l\u0131yor ve konaklaman\u0131za sorunsuz ve g\u00fcvenilir bir ba\u015flang\u0131\u00e7 yapman\u0131z\u0131 sa\u011fl\u0131yoruz.<\/p>\n<p data-start=\"731\" data-end=\"812\">Fiyatlara ana sayfam\u0131zdaki arama fonksiyonunu kullanarak kolayca ula\u015fabilirsiniz.<\/p>\n<p data-start=\"814\" data-end=\"1042\">Bir\u00e7ok u\u00e7u\u015f erken saatlerde var\u0131\u015f yapmaktad\u0131r. Uzun bir yolculu\u011fun ard\u0131ndan ula\u015f\u0131m ayarlamak yorucu ve stresli olabilir. Hizmetimiz, var\u0131\u015f s\u00fcrecinizi m\u00fcmk\u00fcn oldu\u011funca kolay, konforlu ve verimli hale getirmek i\u00e7in tasarlanm\u0131\u015ft\u0131r.<\/p>\n<p data-start=\"1044\" data-end=\"1214\">U\u00e7u\u015funuzda gecikme olmas\u0131 durumunda endi\u015felenmenize gerek yoktur. Rezervasyon s\u0131ras\u0131nda verdi\u011finiz u\u00e7u\u015f bilgileri do\u011frultusunda, transferiniz buna g\u00f6re yeniden planlan\u0131r.<\/p>\n<h2 data-section-id=\"1jbyj0g\" data-start=\"1216\" data-end=\"1251\">Her Seferinde Sorunsuz Bir Var\u0131\u015f<\/h2>\n<p data-start=\"1253\" data-end=\"1416\">U\u00e7u\u015f takibi ile zaman\u0131nda kar\u015f\u0131lama<br data-start=\"1288\" data-end=\"1291\" \/>Profesyonel ve deneyimli s\u00fcr\u00fcc\u00fcler<br data-start=\"1325\" data-end=\"1328\" \/>Konforlu, klimal\u0131 ara\u00e7lar<br data-start=\"1353\" data-end=\"1356\" \/>Kap\u0131dan kap\u0131ya ula\u015f\u0131m<br data-start=\"1377\" data-end=\"1380\" \/>Gecikmelere kar\u015f\u0131 g\u00fcvenilir hizmet<\/p>\n<h2 data-section-id=\"xt9a02\" data-start=\"1418\" data-end=\"1436\">\u00d6nemli Bilgiler<\/h2>\n<p data-start=\"1438\" data-end=\"1642\">Havaliman\u0131 i\u015flemleri ve bagaj teslimi i\u00e7in yakla\u015f\u0131k 30 dakika s\u00fcre \u00f6ng\u00f6r\u00fclmektedir. S\u00fcrenizin farkl\u0131 olmas\u0131 durumunda, l\u00fctfen belirtilen bulu\u015fma saatini bekleyiniz veya do\u011frudan bizimle ileti\u015fime ge\u00e7iniz.<\/p>\n<p data-start=\"1644\" data-end=\"1842\">S\u00fcr\u00fcc\u00fcn\u00fcz\u00fc bulmakta herhangi bir zorluk ya\u015farsan\u0131z veya herhangi bir a\u015famada deste\u011fe ihtiya\u00e7 duyarsan\u0131z, bizimle ileti\u015fime ge\u00e7mekten \u00e7ekinmeyin. Ekibimiz her zaman size yard\u0131mc\u0131 olmak i\u00e7in haz\u0131rd\u0131r.<\/p>\n","protected":false},"excerpt":{"rendered":"<p>Havaliman\u0131nda sizi kar\u015f\u0131l\u0131yor ve \u00f6nceden rezervasyon yapt\u0131\u011f\u0131n\u0131z konaklaman\u0131za konforlu bir \u015fekilde ula\u015ft\u0131r\u0131yoruz. \u00d6zellikle gece saatlerinde yeni bir \u00fclkeye varmak belirsizlik yaratabilir. Havaliman\u0131 transfer hizmetimiz ile&hellip;<\/p>\n","protected":false},"author":1,"featured_media":0,"parent":0,"menu_order":0,"comment_status":"open","ping_status":"open","template":"transfers.php","meta":{"_acf_changed":false,"footnotes":""},"class_list":["post-10992","page","type-page","status-publish","hentry"],"acf":[],"_links":{"self":[{"href":"https:\/\/www.addatours.com\/tr\/wp-json\/wp\/v2\/pages\/10992","targetHints":{"allow":["GET"]}}],"collection":[{"href":"https:\/\/www.addatours.com\/tr\/wp-json\/wp\/v2\/pages"}],"about":[{"href":"https:\/\/www.addatours.com\/tr\/wp-json\/wp\/v2\/types\/page"}],"author":[{"embeddable":true,"href":"https:\/\/www.addatours.com\/tr\/wp-json\/wp\/v2\/users\/1"}],"replies":[{"embeddable":true,"href":"https:\/\/www.addatours.com\/tr\/wp-json\/wp\/v2\/comments?post=10992"}],"version-history":[{"count":2,"href":"https:\/\/www.addatours.com\/tr\/wp-json\/wp\/v2\/pages\/10992\/revisions"}],"predecessor-version":[{"id":10994,"href":"https:\/\/www.addatours.com\/tr\/wp-json\/wp\/v2\/pages\/10992\/revisions\/10994"}],"wp:attachment":[{"href":"https:\/\/www.addatours.com\/tr\/wp-json\/wp\/v2\/media?parent=10992"}],"curies":[{"name":"wp","href":"https:\/\/api.w.org\/{rel}","templated":true}]}}