{"id":10999,"date":"2014-04-22T06:36:16","date_gmt":"2014-04-22T03:36:16","guid":{"rendered":"https:\/\/www.addatours.com\/car-hire\/"},"modified":"2026-04-18T21:29:33","modified_gmt":"2026-04-18T18:29:33","slug":"car-hire","status":"publish","type":"page","link":"https:\/\/www.addatours.com\/tr\/car-hire\/","title":{"rendered":"Ara\u00e7 Kiralama"},"content":{"rendered":"<p data-start=\"1553\" data-end=\"1866\">Kalkan\u2019da ara\u00e7 kiralamak, b\u00f6lgeyi kendi temponuzda ke\u015ffetmenin en konforlu yollar\u0131ndan biridir; gizli koylardan yak\u0131n kasabalara ve sahil yollar\u0131na kadar bir\u00e7ok noktay\u0131 \u00f6zg\u00fcrce ziyaret etme imk\u00e2n\u0131 sunar. Tatiliniz boyunca esneklik ve rahatl\u0131k sa\u011flayarak b\u00f6lgeyi daha kapsaml\u0131 \u015fekilde deneyimlemenize olanak tan\u0131r.<\/p>\n<p data-start=\"1868\" data-end=\"2167\">Kalkan\u2019da konaklad\u0131\u011f\u0131n\u0131z yere, size uygun g\u00fcn ve saatte ara\u00e7 teslimat\u0131 yaparak esnek bir hizmet sunuyoruz. Ara\u00e7 filomuz, kompakt modellerden aile kullan\u0131m\u0131 i\u00e7in daha geni\u015f se\u00e7eneklere kadar uzanmakta olup t\u00fcm ara\u00e7lar d\u00fczenli olarak kontrol edilmekte ve b\u00f6lge ko\u015fullar\u0131na uygun \u015fekilde sunulmaktad\u0131r.<\/p>\n<p data-start=\"2169\" data-end=\"2413\">T\u00fcm kiralamalar, a\u00e7\u0131k ve anla\u015f\u0131l\u0131r ko\u015fullar ile birlikte kapsaml\u0131 sigorta se\u00e7enekleri sunularak ger\u00e7ekle\u015ftirilir. Ekibimiz rezervasyon s\u00fcrecinden itibaren t\u00fcm detaylarda size destek olur ve s\u00fcrecin kolay, \u015feffaf ve sorunsuz ilerlemesini sa\u011flar.<\/p>\n<p data-start=\"2415\" data-end=\"2666\">Ka\u015f, <span class=\"hover:entity-accent entity-underline inline cursor-pointer align-baseline\"><span class=\"whitespace-normal\">Dalaman Havaliman\u0131<\/span><\/span> veya <span class=\"hover:entity-accent entity-underline inline cursor-pointer align-baseline\"><span class=\"whitespace-normal\">Antalya Havaliman\u0131<\/span><\/span> i\u00e7in ara\u00e7 teslim ve iade hizmeti talep \u00fczerine sa\u011flanmakta olup ek \u00fccrete tabidir. Bu sayede Kalkan tatilinizi daha geni\u015f bir rota ile birle\u015ftirme esnekli\u011fi sunulur.<\/p>\n<p data-start=\"2668\" data-end=\"2926\">\u0130ster k\u0131sa mesafeli geziler ister sahil boyunca daha uzun rotalar planl\u0131yor olun, ekibimiz sizin i\u00e7in en uygun arac\u0131 se\u00e7menizde memnuniyetle yard\u0131mc\u0131 olacakt\u0131r. Amac\u0131m\u0131z, tatiliniz boyunca g\u00fcvenilir, konforlu ve sorunsuz bir ara\u00e7 kiralama deneyimi sunmakt\u0131r.<\/p>\n","protected":false},"excerpt":{"rendered":"<p>Kalkan\u2019da ara\u00e7 kiralamak, b\u00f6lgeyi kendi temponuzda ke\u015ffetmenin en konforlu yollar\u0131ndan biridir; gizli koylardan yak\u0131n kasabalara ve sahil yollar\u0131na kadar bir\u00e7ok noktay\u0131 \u00f6zg\u00fcrce ziyaret etme imk\u00e2n\u0131&hellip;<\/p>\n","protected":false},"author":1,"featured_media":0,"parent":0,"menu_order":2,"comment_status":"closed","ping_status":"closed","template":"carhire.php","meta":{"_acf_changed":false,"footnotes":""},"class_list":["post-10999","page","type-page","status-publish","hentry"],"acf":[],"_links":{"self":[{"href":"https:\/\/www.addatours.com\/tr\/wp-json\/wp\/v2\/pages\/10999","targetHints":{"allow":["GET"]}}],"collection":[{"href":"https:\/\/www.addatours.com\/tr\/wp-json\/wp\/v2\/pages"}],"about":[{"href":"https:\/\/www.addatours.com\/tr\/wp-json\/wp\/v2\/types\/page"}],"author":[{"embeddable":true,"href":"https:\/\/www.addatours.com\/tr\/wp-json\/wp\/v2\/users\/1"}],"replies":[{"embeddable":true,"href":"https:\/\/www.addatours.com\/tr\/wp-json\/wp\/v2\/comments?post=10999"}],"version-history":[{"count":2,"href":"https:\/\/www.addatours.com\/tr\/wp-json\/wp\/v2\/pages\/10999\/revisions"}],"predecessor-version":[{"id":11002,"href":"https:\/\/www.addatours.com\/tr\/wp-json\/wp\/v2\/pages\/10999\/revisions\/11002"}],"wp:attachment":[{"href":"https:\/\/www.addatours.com\/tr\/wp-json\/wp\/v2\/media?parent=10999"}],"curies":[{"name":"wp","href":"https:\/\/api.w.org\/{rel}","templated":true}]}}