{"id":11007,"date":"2015-02-14T15:26:29","date_gmt":"2015-02-14T13:26:29","guid":{"rendered":"https:\/\/www.addatours.com\/privacy-policy\/"},"modified":"2026-04-19T00:02:08","modified_gmt":"2026-04-18T21:02:08","slug":"privacy-policy","status":"publish","type":"page","link":"https:\/\/www.addatours.com\/tr\/privacy-policy\/","title":{"rendered":"Ayd\u0131nlatma Metni"},"content":{"rendered":"<p><strong>K\u0130\u015e\u0130SEL VER\u0130LER\u0130N KORUNMASI AYDINLATMA METN\u0130<\/strong><\/p>\n<p>Adda Grup Turizm Ta\u015f. Sey. \u0130n\u015f. Eml. Tic. ve San. Ltd. \u015eti. (\u201c\u015eirket\u201d veya \u201cVeri Sorumlusu\u201d) olarak, 6698 say\u0131l\u0131 Ki\u015fisel Verilerin Korunmas\u0131 Kanunu (\u201cKVKK\u201d) kapsam\u0131nda, ki\u015fisel verilerinizin i\u015flenmesine ili\u015fkin olarak sizleri bilgilendirmek isteriz.<\/p>\n<p>1) VER\u0130 SORUMLUSU<br \/>\nUnvan: Adda Grup Turizm Ta\u015f. Sey. \u0130n\u015f. Eml. Tic. ve San. Ltd. \u015eti.<br \/>\nAdres: Kalkan Mah. M. Kocakaya Cad. No:18-1, 07960 Ka\u015f \/ Antalya, T\u00fcrkiye<br \/>\nTelefon: +90 242 844 36 10<br \/>\nE-posta: info@addatours.com<\/p>\n<p>2) \u0130\u015eLENEN K\u0130\u015e\u0130SEL VER\u0130LER<br \/>\nKimlik bilgileri ad soyad<br \/>\n\u0130leti\u015fim bilgileri telefon e-posta adres<br \/>\nRezervasyon ve hizmet bilgileri<br \/>\n\u00d6deme bilgileri<br \/>\nAra\u00e7 kiralama s\u00fcrecine ili\u015fkin bilgiler<\/p>\n<p>3) K\u0130\u015e\u0130SEL VER\u0130LER\u0130N \u0130\u015eLENME AMA\u00c7LARI<br \/>\nAra\u00e7 kiralama hizmetinin sunulmas\u0131<br \/>\nRezervasyon s\u00fcre\u00e7lerinin y\u00fcr\u00fct\u00fclmesi<br \/>\n\u00d6deme i\u015flemlerinin ger\u00e7ekle\u015ftirilmesi<br \/>\nM\u00fc\u015fteri ili\u015fkilerinin y\u00f6netilmesi<br \/>\nYasal y\u00fck\u00fcml\u00fcl\u00fcklerin yerine getirilmesi<\/p>\n<p>4) K\u0130\u015e\u0130SEL VER\u0130LER\u0130N AKTARILMASI<br \/>\nYetkili kamu kurum ve kurulu\u015flar\u0131na<br \/>\n\u00d6deme kurulu\u015flar\u0131na ve bankalara<br \/>\nHizmetin ifas\u0131 i\u00e7in gerekli i\u015f ortaklar\u0131na<\/p>\n<p>5) K\u0130\u015e\u0130SEL VER\u0130LER\u0130N TOPLANMA Y\u00d6NTEM\u0130 VE HUKUK\u0130 SEBEP<br \/>\n\u0130nternet sitesi \u00fczerinden yap\u0131lan rezervasyonlar<br \/>\nTelefon e-posta ve di\u011fer ileti\u015fim kanallar\u0131<\/p>\n<p>6) KVKK KAPSAMINDA HAKLARINIZ<br \/>\nKi\u015fisel verilerinizin i\u015flenip i\u015flenmedi\u011fini \u00f6\u011frenme<br \/>\n\u0130\u015flenmi\u015fse bilgi talep etme<br \/>\n\u0130\u015flenme amac\u0131n\u0131 \u00f6\u011frenme<br \/>\nD\u00fczeltilmesini isteme<br \/>\nSilinmesini isteme<br \/>\n\u00dc\u00e7\u00fcnc\u00fc ki\u015filere bildirilmesini isteme<br \/>\n\u0130tiraz etme<br \/>\nZarar\u0131n giderilmesini talep etme<\/p>\n<p>7) BA\u015eVURU<br \/>\nTaleplerinizi yukar\u0131da belirtilen ileti\u015fim bilgileri arac\u0131l\u0131\u011f\u0131yla iletebilirsiniz.<\/p>\n<p>8) Y\u00dcR\u00dcRL\u00dcK<br \/>\n\u0130\u015fbu metin yay\u0131mland\u0131\u011f\u0131 tarihte y\u00fcr\u00fcrl\u00fc\u011fe girer.<\/p>\n","protected":false},"excerpt":{"rendered":"<p>K\u0130\u015e\u0130SEL VER\u0130LER\u0130N KORUNMASI AYDINLATMA METN\u0130 Adda Grup Turizm Ta\u015f. Sey. \u0130n\u015f. Eml. Tic. ve San. Ltd. \u015eti. (\u201c\u015eirket\u201d veya \u201cVeri Sorumlusu\u201d) olarak, 6698 say\u0131l\u0131 Ki\u015fisel&hellip;<\/p>\n","protected":false},"author":1,"featured_media":0,"parent":0,"menu_order":0,"comment_status":"open","ping_status":"open","template":"","meta":{"_acf_changed":false,"footnotes":""},"class_list":["post-11007","page","type-page","status-publish","hentry"],"acf":[],"_links":{"self":[{"href":"https:\/\/www.addatours.com\/tr\/wp-json\/wp\/v2\/pages\/11007","targetHints":{"allow":["GET"]}}],"collection":[{"href":"https:\/\/www.addatours.com\/tr\/wp-json\/wp\/v2\/pages"}],"about":[{"href":"https:\/\/www.addatours.com\/tr\/wp-json\/wp\/v2\/types\/page"}],"author":[{"embeddable":true,"href":"https:\/\/www.addatours.com\/tr\/wp-json\/wp\/v2\/users\/1"}],"replies":[{"embeddable":true,"href":"https:\/\/www.addatours.com\/tr\/wp-json\/wp\/v2\/comments?post=11007"}],"version-history":[{"count":2,"href":"https:\/\/www.addatours.com\/tr\/wp-json\/wp\/v2\/pages\/11007\/revisions"}],"predecessor-version":[{"id":11033,"href":"https:\/\/www.addatours.com\/tr\/wp-json\/wp\/v2\/pages\/11007\/revisions\/11033"}],"wp:attachment":[{"href":"https:\/\/www.addatours.com\/tr\/wp-json\/wp\/v2\/media?parent=11007"}],"curies":[{"name":"wp","href":"https:\/\/api.w.org\/{rel}","templated":true}]}}