{"id":11009,"date":"2014-04-30T08:00:50","date_gmt":"2014-04-30T05:00:50","guid":{"rendered":"https:\/\/www.addatours.com\/contact-us\/"},"modified":"2026-04-18T21:36:55","modified_gmt":"2026-04-18T18:36:55","slug":"contact-us","status":"publish","type":"page","link":"https:\/\/www.addatours.com\/tr\/contact-us\/","title":{"rendered":"Bize Ula\u015f\u0131n"},"content":{"rendered":"<p data-start=\"204\" data-end=\"412\">Tatilinizin tamam\u0131n\u0131; havaliman\u0131 transferleri, ara\u00e7 kiralama, g\u00fcnl\u00fck turlar ve otel, villa, apart ya da pansiyon gibi konaklama se\u00e7enekleriyle birlikte planlamak isterseniz, size memnuniyetle yard\u0131mc\u0131 oluruz.<\/p>\n<p data-start=\"414\" data-end=\"583\">\u0130ster t\u00fcm detaylar\u0131 kapsayan bir tatil plan\u0131, ister yaln\u0131zca hizmetlerimizden biri olsun; bizimle ileti\u015fime ge\u00e7meniz yeterlidir, size yard\u0131mc\u0131 olmaktan mutluluk duyar\u0131z.<\/p>\n<p data-start=\"585\" data-end=\"730\">Tek bir transferden tamamen size \u00f6zel planlanm\u0131\u015f bir tatile kadar, b\u00f6lgedeki zaman\u0131n\u0131z\u0131 kolayl\u0131kla ve g\u00fcvenle organize etmeniz i\u00e7in yan\u0131n\u0131zday\u0131z.<\/p>\n<p data-start=\"732\" data-end=\"797\">Kalkan\u2019daki ofisimizi yukar\u0131daki harita \u00fczerinden bulabilirsiniz.<\/p>\n<p><button><a style=\"color: #fff;\" href=\"https:\/\/www.addatours.com\/manuel-payment-page\/\" target=\"_blank\" rel=\"noopener noreferrer\">Manuel Payments<\/a><\/button><\/p>\n","protected":false},"excerpt":{"rendered":"<p>Tatilinizin tamam\u0131n\u0131; havaliman\u0131 transferleri, ara\u00e7 kiralama, g\u00fcnl\u00fck turlar ve otel, villa, apart ya da pansiyon gibi konaklama se\u00e7enekleriyle birlikte planlamak isterseniz, size memnuniyetle yard\u0131mc\u0131 oluruz.&hellip;<\/p>\n","protected":false},"author":1,"featured_media":0,"parent":0,"menu_order":0,"comment_status":"open","ping_status":"open","template":"contactpage.php","meta":{"_acf_changed":false,"footnotes":""},"class_list":["post-11009","page","type-page","status-publish","hentry"],"acf":[],"_links":{"self":[{"href":"https:\/\/www.addatours.com\/tr\/wp-json\/wp\/v2\/pages\/11009","targetHints":{"allow":["GET"]}}],"collection":[{"href":"https:\/\/www.addatours.com\/tr\/wp-json\/wp\/v2\/pages"}],"about":[{"href":"https:\/\/www.addatours.com\/tr\/wp-json\/wp\/v2\/types\/page"}],"author":[{"embeddable":true,"href":"https:\/\/www.addatours.com\/tr\/wp-json\/wp\/v2\/users\/1"}],"replies":[{"embeddable":true,"href":"https:\/\/www.addatours.com\/tr\/wp-json\/wp\/v2\/comments?post=11009"}],"version-history":[{"count":2,"href":"https:\/\/www.addatours.com\/tr\/wp-json\/wp\/v2\/pages\/11009\/revisions"}],"predecessor-version":[{"id":11011,"href":"https:\/\/www.addatours.com\/tr\/wp-json\/wp\/v2\/pages\/11009\/revisions\/11011"}],"wp:attachment":[{"href":"https:\/\/www.addatours.com\/tr\/wp-json\/wp\/v2\/media?parent=11009"}],"curies":[{"name":"wp","href":"https:\/\/api.w.org\/{rel}","templated":true}]}}