{"id":11021,"date":"2014-04-30T09:31:27","date_gmt":"2014-04-30T06:31:27","guid":{"rendered":"https:\/\/www.addatours.com\/terms-of-use\/"},"modified":"2026-04-19T00:24:41","modified_gmt":"2026-04-18T21:24:41","slug":"terms-of-use","status":"publish","type":"page","link":"https:\/\/www.addatours.com\/tr\/terms-of-use\/","title":{"rendered":"Kullan\u0131m Ko\u015fullar\u0131"},"content":{"rendered":"<p><strong>KULLANIM KO\u015eULLARI<\/strong><\/p>\n<p>Bu internet sitesini kullanan t\u00fcm ziyaret\u00e7iler, a\u015fa\u011f\u0131da belirtilen \u015fartlar\u0131 kabul etmi\u015f say\u0131l\u0131r.<\/p>\n<p>1) GENEL H\u00dcK\u00dcMLER<\/p>\n<p>Bu internet sitesi Adda Grup Turizm Ta\u015f. Sey. \u0130n\u015f. Eml. Tic. ve San. Ltd. \u015eti. (\u201c\u015eirket\u201d) taraf\u0131ndan i\u015fletilmektedir.<\/p>\n<p>Kullan\u0131c\u0131, siteye eri\u015fim sa\u011flayarak bu kullan\u0131m ko\u015fullar\u0131n\u0131 okudu\u011funu, anlad\u0131\u011f\u0131n\u0131 ve kabul etti\u011fini beyan eder.<\/p>\n<p>2) H\u0130ZMET KAPSAMI<\/p>\n<p>Bu site \u00fczerinden ara\u00e7 kiralama, transfer ve di\u011fer turizm hizmetlerine ili\u015fkin bilgi sunulmakta ve rezervasyon yap\u0131labilmektedir.<\/p>\n<p>Sunulan hizmetler, ilgili s\u00f6zle\u015fmeler kapsam\u0131nda ayr\u0131ca d\u00fczenlenmektedir.<\/p>\n<p>3) F\u0130YAT VE M\u00dcSA\u0130TL\u0130K<\/p>\n<p>Sitede yer alan fiyatlar ve hizmet detaylar\u0131 bilgilendirme ama\u00e7l\u0131d\u0131r.<\/p>\n<p>\u015eirket, fiyatlar\u0131 ve hizmet i\u00e7eriklerini \u00f6nceden bildirimde bulunmaks\u0131z\u0131n de\u011fi\u015ftirme hakk\u0131n\u0131 sakl\u0131 tutar.<\/p>\n<p>Rezervasyonun kesinle\u015fmesi, \u00f6deme ve onay s\u00fcrecinin tamamlanmas\u0131na ba\u011fl\u0131d\u0131r.<\/p>\n<p>4) SORUMLULUK SINIRLAMASI<\/p>\n<p>\u015eirket, internet sitesinde yer alan bilgilerin do\u011frulu\u011fu ve g\u00fcncelli\u011fi i\u00e7in azami \u00f6zeni g\u00f6stermektedir.<\/p>\n<p>Ancak teknik hatalar, sistem kesintileri veya \u00fc\u00e7\u00fcnc\u00fc taraf kaynakl\u0131 sorunlardan dolay\u0131 olu\u015fabilecek zararlardan sorumlu tutulamaz.<\/p>\n<p>5) KULLANICI Y\u00dcK\u00dcML\u00dcL\u00dcKLER\u0130<\/p>\n<p>Kullan\u0131c\u0131, siteyi yaln\u0131zca hukuka uygun ama\u00e7larla kullanaca\u011f\u0131n\u0131 kabul eder.<\/p>\n<p>Siteye zarar verebilecek, sistemi a\u015f\u0131r\u0131 y\u00fckleyebilecek veya hizmetlerin i\u015fleyi\u015fini engelleyebilecek faaliyetlerde bulunamaz.<\/p>\n<p>6) F\u0130KR\u0130 M\u00dcLK\u0130YET HAKLARI<\/p>\n<p>Site i\u00e7erisinde yer alan t\u00fcm i\u00e7erik, g\u00f6rseller, logo ve tasar\u0131mlar \u015eirket\u2019e aittir veya lisansl\u0131 olarak kullan\u0131lmaktad\u0131r.<\/p>\n<p>\u0130zinsiz kopyalanamaz, \u00e7o\u011falt\u0131lamaz veya ticari ama\u00e7la kullan\u0131lamaz.<\/p>\n<p>7) \u00dc\u00c7\u00dcNC\u00dc TARAF BA\u011eLANTILARI<\/p>\n<p>Site i\u00e7erisinde \u00fc\u00e7\u00fcnc\u00fc taraf web sitelerine y\u00f6nlendiren ba\u011flant\u0131lar bulunabilir.<\/p>\n<p>Bu sitelerin i\u00e7eriklerinden \u015eirket sorumlu de\u011fildir.<\/p>\n<p>8) DE\u011e\u0130\u015e\u0130KL\u0130K HAKKI<\/p>\n<p>\u015eirket, i\u015fbu Kullan\u0131m Ko\u015fullar\u0131\u2019n\u0131 diledi\u011fi zaman g\u00fcncelleme hakk\u0131n\u0131 sakl\u0131 tutar.<\/p>\n<p>G\u00fcncellenmi\u015f metin, internet sitesinde yay\u0131mland\u0131\u011f\u0131 andan itibaren ge\u00e7erli olur.<\/p>\n<p>9) UYGULANACAK HUKUK VE YETK\u0130<\/p>\n<p>\u0130\u015fbu kullan\u0131m ko\u015fullar\u0131ndan do\u011fabilecek uyu\u015fmazl\u0131klarda T\u00fcrkiye Cumhuriyeti hukuku uygulan\u0131r ve Antalya Mahkemeleri ve \u0130cra Daireleri yetkilidir.<\/p>\n<p>10) TRANSFER VE TUR H\u0130ZMETLER\u0130<\/p>\n<p>\u015eirket ayr\u0131ca transfer ve tur hizmetleri sunmaktad\u0131r. Bu hizmetler do\u011frudan \u015eirket taraf\u0131ndan veya \u00fc\u00e7\u00fcnc\u00fc taraf hizmet sa\u011flay\u0131c\u0131lar arac\u0131l\u0131\u011f\u0131yla ger\u00e7ekle\u015ftirilebilir. \u015eirket, \u00fc\u00e7\u00fcnc\u00fc taraf hizmetler, m\u00fccbir sebepler veya kontrol\u00fc d\u0131\u015f\u0131ndaki durumlardan kaynaklanan gecikme, iptal veya aksakl\u0131klardan sorumlu tutulamaz.<\/p>\n","protected":false},"excerpt":{"rendered":"<p>KULLANIM KO\u015eULLARI Bu internet sitesini kullanan t\u00fcm ziyaret\u00e7iler, a\u015fa\u011f\u0131da belirtilen \u015fartlar\u0131 kabul etmi\u015f say\u0131l\u0131r. 1) GENEL H\u00dcK\u00dcMLER Bu internet sitesi Adda Grup Turizm Ta\u015f. Sey.&hellip;<\/p>\n","protected":false},"author":1,"featured_media":0,"parent":0,"menu_order":0,"comment_status":"open","ping_status":"open","template":"","meta":{"_acf_changed":false,"footnotes":""},"class_list":["post-11021","page","type-page","status-publish","hentry"],"acf":[],"_links":{"self":[{"href":"https:\/\/www.addatours.com\/tr\/wp-json\/wp\/v2\/pages\/11021","targetHints":{"allow":["GET"]}}],"collection":[{"href":"https:\/\/www.addatours.com\/tr\/wp-json\/wp\/v2\/pages"}],"about":[{"href":"https:\/\/www.addatours.com\/tr\/wp-json\/wp\/v2\/types\/page"}],"author":[{"embeddable":true,"href":"https:\/\/www.addatours.com\/tr\/wp-json\/wp\/v2\/users\/1"}],"replies":[{"embeddable":true,"href":"https:\/\/www.addatours.com\/tr\/wp-json\/wp\/v2\/comments?post=11021"}],"version-history":[{"count":2,"href":"https:\/\/www.addatours.com\/tr\/wp-json\/wp\/v2\/pages\/11021\/revisions"}],"predecessor-version":[{"id":11041,"href":"https:\/\/www.addatours.com\/tr\/wp-json\/wp\/v2\/pages\/11021\/revisions\/11041"}],"wp:attachment":[{"href":"https:\/\/www.addatours.com\/tr\/wp-json\/wp\/v2\/media?parent=11021"}],"curies":[{"name":"wp","href":"https:\/\/api.w.org\/{rel}","templated":true}]}}