{"id":11026,"date":"2014-04-30T10:00:54","date_gmt":"2014-04-30T07:00:54","guid":{"rendered":"https:\/\/www.addatours.com\/cookie-policy\/"},"modified":"2026-04-19T00:02:30","modified_gmt":"2026-04-18T21:02:30","slug":"cookie-policy","status":"publish","type":"page","link":"https:\/\/www.addatours.com\/tr\/cookie-policy\/","title":{"rendered":"\u00c7erez Politikas\u0131"},"content":{"rendered":"<p><strong>\u00c7EREZ POL\u0130T\u0130KASI<\/strong><\/p>\n<p>Bu \u00c7erez Politikas\u0131, Adda Grup Turizm Ta\u015f. Sey. \u0130n\u015f. Eml. Tic. ve San. Ltd. \u015eti. (\u201c\u015eirket\u201d) taraf\u0131ndan i\u015fletilen internet sitesinde kullan\u0131lan \u00e7erezlere ili\u015fkin olarak sizleri bilgilendirmek amac\u0131yla haz\u0131rlanm\u0131\u015ft\u0131r.<\/p>\n<p>1) \u00c7EREZ NED\u0130R?<\/p>\n<p>\u00c7erezler, ziyaret etti\u011finiz internet siteleri taraf\u0131ndan taray\u0131c\u0131n\u0131z arac\u0131l\u0131\u011f\u0131yla cihaz\u0131n\u0131za depolanan k\u00fc\u00e7\u00fck metin dosyalar\u0131d\u0131r. \u00c7erezler, site kullan\u0131m\u0131n\u0131z\u0131 kolayla\u015ft\u0131rmak, tercihlerinizi hat\u0131rlamak ve kullan\u0131c\u0131 deneyimini geli\u015ftirmek amac\u0131yla kullan\u0131l\u0131r.<\/p>\n<p>2) HANG\u0130 \u00c7EREZLER\u0130 KULLANIYORUZ?<\/p>\n<p>\u0130nternet sitemizde a\u015fa\u011f\u0131daki \u00e7erez t\u00fcrleri kullan\u0131lmaktad\u0131r:<\/p>\n<p>Zorunlu \u00c7erezler:<\/p>\n<p>Web sitesinin do\u011fru \u015fekilde \u00e7al\u0131\u015fmas\u0131 i\u00e7in gerekli olan \u00e7erezlerdir. Bu \u00e7erezler olmadan site d\u00fczg\u00fcn \u00e7al\u0131\u015fmaz.<\/p>\n<p>Performans ve Analitik \u00c7erezler:<\/p>\n<p>Ziyaret\u00e7ilerin siteyi nas\u0131l kulland\u0131\u011f\u0131n\u0131 anlamam\u0131za yard\u0131mc\u0131 olur. Bu \u00e7erezler, anonim olarak veri toplar ve site performans\u0131n\u0131 geli\u015ftirmek amac\u0131yla kullan\u0131l\u0131r.<\/p>\n<p>Fonksiyonel \u00c7erezler:<\/p>\n<p>Tercihlerinizi hat\u0131rlayarak size daha ki\u015fiselle\u015ftirilmi\u015f bir deneyim sunar.<\/p>\n<p>Pazarlama \/ Reklam \u00c7erezleri:<\/p>\n<p>\u0130lgi alanlar\u0131n\u0131za uygun i\u00e7erik ve reklamlar sunulmas\u0131n\u0131 sa\u011flar.<\/p>\n<p>3) \u00c7EREZLER\u0130N KULLANIM AMA\u00c7LARI<\/p>\n<p>\u00c7erezler a\u015fa\u011f\u0131daki ama\u00e7larla kullan\u0131lmaktad\u0131r:<\/p>\n<p>&#8211; Web sitesinin \u00e7al\u0131\u015fmas\u0131n\u0131n sa\u011flanmas\u0131<\/p>\n<p>&#8211; Kullan\u0131c\u0131 deneyiminin geli\u015ftirilmesi<\/p>\n<p>&#8211; Site performans\u0131n\u0131n analiz edilmesi<\/p>\n<p>&#8211; Hizmetlerin geli\u015ftirilmesi<\/p>\n<p>&#8211; Pazarlama faaliyetlerinin y\u00fcr\u00fct\u00fclmesi<\/p>\n<p>4) \u00c7EREZLER\u0130N TOPLANMA Y\u00d6NTEM\u0130 VE HUKUK\u0130 SEBEP<\/p>\n<p>\u00c7erezler, internet sitemizi ziyaret etti\u011finizde taray\u0131c\u0131n\u0131z arac\u0131l\u0131\u011f\u0131yla otomatik olarak toplan\u0131r.<\/p>\n<p>Zorunlu \u00e7erezler, KVKK\u2019n\u0131n 5. maddesi kapsam\u0131nda i\u015flenirken, di\u011fer \u00e7erezler a\u00e7\u0131k r\u0131zan\u0131za dayanarak kullan\u0131lmaktad\u0131r.<\/p>\n<p>5) \u00c7EREZLER\u0130N Y\u00d6NET\u0130M\u0130<\/p>\n<p>Taray\u0131c\u0131 ayarlar\u0131n\u0131z\u0131 de\u011fi\u015ftirerek \u00e7erez kullan\u0131m\u0131n\u0131 kontrol edebilir veya silebilirsiniz.<\/p>\n<p>\u00c7erezleri devre d\u0131\u015f\u0131 b\u0131rakman\u0131z durumunda, internet sitemizin baz\u0131 b\u00f6l\u00fcmlerinden tam olarak yararlanamayabilirsiniz.<\/p>\n<p>6) \u00dc\u00c7\u00dcNC\u00dc TARAF \u00c7EREZLER<\/p>\n<p>Web sitemizde, \u00fc\u00e7\u00fcnc\u00fc taraf hizmet sa\u011flay\u0131c\u0131lar taraf\u0131ndan yerle\u015ftirilen \u00e7erezler de kullan\u0131labilir.<\/p>\n<p>Bu \u00e7erezler, analiz ve reklam hizmetleri kapsam\u0131nda kullan\u0131lmaktad\u0131r.<\/p>\n<p>7) DE\u011e\u0130\u015e\u0130KL\u0130KLER<\/p>\n<p>\u015eirket, i\u015fbu \u00c7erez Politikas\u0131\u2019nda gerekli g\u00f6rd\u00fc\u011f\u00fc de\u011fi\u015fiklikleri yapma hakk\u0131n\u0131 sakl\u0131 tutar.<\/p>\n<p>8) Y\u00dcR\u00dcRL\u00dcK<\/p>\n<p>\u0130\u015fbu \u00c7erez Politikas\u0131, internet sitesinde yay\u0131mland\u0131\u011f\u0131 tarihte y\u00fcr\u00fcrl\u00fc\u011fe girer.<\/p>\n","protected":false},"excerpt":{"rendered":"<p>\u00c7EREZ POL\u0130T\u0130KASI Bu \u00c7erez Politikas\u0131, Adda Grup Turizm Ta\u015f. Sey. \u0130n\u015f. Eml. Tic. ve San. Ltd. \u015eti. (\u201c\u015eirket\u201d) taraf\u0131ndan i\u015fletilen internet sitesinde kullan\u0131lan \u00e7erezlere ili\u015fkin&hellip;<\/p>\n","protected":false},"author":1,"featured_media":0,"parent":0,"menu_order":0,"comment_status":"open","ping_status":"open","template":"","meta":{"_acf_changed":false,"footnotes":""},"class_list":["post-11026","page","type-page","status-publish","hentry"],"acf":[],"yoast_head":"<!-- This site is optimized with the Yoast SEO plugin v27.5 - https:\/\/yoast.com\/product\/yoast-seo-wordpress\/ -->\n<title>\u00c7erez Politikas\u0131 - Adda Tours. Kalkan Airport Transfer Car Hire<\/title>\n<meta name=\"robots\" content=\"index, follow, max-snippet:-1, max-image-preview:large, max-video-preview:-1\" \/>\n<link rel=\"canonical\" href=\"https:\/\/www.addatours.com\/tr\/cookie-policy\/\" \/>\n<meta property=\"og:locale\" content=\"tr_TR\" \/>\n<meta property=\"og:type\" content=\"article\" \/>\n<meta property=\"og:title\" content=\"\u00c7erez Politikas\u0131 - Adda Tours. Kalkan Airport Transfer Car Hire\" \/>\n<meta property=\"og:description\" content=\"\u00c7EREZ POL\u0130T\u0130KASI Bu \u00c7erez Politikas\u0131, Adda Grup Turizm Ta\u015f. Sey. \u0130n\u015f. Eml. Tic. ve San. Ltd. \u015eti. (\u201c\u015eirket\u201d) taraf\u0131ndan i\u015fletilen internet sitesinde kullan\u0131lan \u00e7erezlere ili\u015fkin&hellip;\" \/>\n<meta property=\"og:url\" content=\"https:\/\/www.addatours.com\/tr\/cookie-policy\/\" \/>\n<meta property=\"og:site_name\" content=\"Adda Tours. Kalkan Airport Transfer Car Hire\" \/>\n<meta property=\"article:publisher\" content=\"https:\/\/www.facebook.com\/AddaTours\/\" \/>\n<meta property=\"article:modified_time\" content=\"2026-04-18T21:02:30+00:00\" \/>\n<meta name=\"twitter:label1\" content=\"Est. reading time\" \/>\n\t<meta name=\"twitter:data1\" content=\"2 minutes\" \/>\n<script type=\"application\/ld+json\" class=\"yoast-schema-graph\">{\"@context\":\"https:\\\/\\\/schema.org\",\"@graph\":[{\"@type\":\"WebPage\",\"@id\":\"https:\\\/\\\/www.addatours.com\\\/tr\\\/cookie-policy\\\/\",\"url\":\"https:\\\/\\\/www.addatours.com\\\/tr\\\/cookie-policy\\\/\",\"name\":\"\u00c7erez Politikas\u0131 - Adda Tours. Kalkan Airport Transfer Car Hire\",\"isPartOf\":{\"@id\":\"https:\\\/\\\/www.addatours.com\\\/tr\\\/#website\"},\"datePublished\":\"2014-04-30T07:00:54+00:00\",\"dateModified\":\"2026-04-18T21:02:30+00:00\",\"breadcrumb\":{\"@id\":\"https:\\\/\\\/www.addatours.com\\\/tr\\\/cookie-policy\\\/#breadcrumb\"},\"inLanguage\":\"tr\",\"potentialAction\":[{\"@type\":\"ReadAction\",\"target\":[\"https:\\\/\\\/www.addatours.com\\\/tr\\\/cookie-policy\\\/\"]}]},{\"@type\":\"BreadcrumbList\",\"@id\":\"https:\\\/\\\/www.addatours.com\\\/tr\\\/cookie-policy\\\/#breadcrumb\",\"itemListElement\":[{\"@type\":\"ListItem\",\"position\":1,\"name\":\"Home\",\"item\":\"https:\\\/\\\/www.addatours.com\\\/tr\\\/\"},{\"@type\":\"ListItem\",\"position\":2,\"name\":\"\u00c7erez Politikas\u0131\"}]},{\"@type\":\"WebSite\",\"@id\":\"https:\\\/\\\/www.addatours.com\\\/tr\\\/#website\",\"url\":\"https:\\\/\\\/www.addatours.com\\\/tr\\\/\",\"name\":\"Adda Tours. Kalkan Airport Transfer Car Hire\",\"description\":\"Airport Transfers, Car Hire, Rent a car, Dalaman, Antalya, Kalkan\",\"potentialAction\":[{\"@type\":\"SearchAction\",\"target\":{\"@type\":\"EntryPoint\",\"urlTemplate\":\"https:\\\/\\\/www.addatours.com\\\/tr\\\/?s={search_term_string}\"},\"query-input\":{\"@type\":\"PropertyValueSpecification\",\"valueRequired\":true,\"valueName\":\"search_term_string\"}}],\"inLanguage\":\"tr\"}]}<\/script>\n<!-- \/ Yoast SEO plugin. -->","yoast_head_json":{"title":"\u00c7erez Politikas\u0131 - Adda Tours. Kalkan Airport Transfer Car Hire","robots":{"index":"index","follow":"follow","max-snippet":"max-snippet:-1","max-image-preview":"max-image-preview:large","max-video-preview":"max-video-preview:-1"},"canonical":"https:\/\/www.addatours.com\/tr\/cookie-policy\/","og_locale":"tr_TR","og_type":"article","og_title":"\u00c7erez Politikas\u0131 - Adda Tours. Kalkan Airport Transfer Car Hire","og_description":"\u00c7EREZ POL\u0130T\u0130KASI Bu \u00c7erez Politikas\u0131, Adda Grup Turizm Ta\u015f. Sey. \u0130n\u015f. Eml. Tic. ve San. Ltd. \u015eti. (\u201c\u015eirket\u201d) taraf\u0131ndan i\u015fletilen internet sitesinde kullan\u0131lan \u00e7erezlere ili\u015fkin&hellip;","og_url":"https:\/\/www.addatours.com\/tr\/cookie-policy\/","og_site_name":"Adda Tours. Kalkan Airport Transfer Car Hire","article_publisher":"https:\/\/www.facebook.com\/AddaTours\/","article_modified_time":"2026-04-18T21:02:30+00:00","twitter_misc":{"Est. reading time":"2 minutes"},"schema":{"@context":"https:\/\/schema.org","@graph":[{"@type":"WebPage","@id":"https:\/\/www.addatours.com\/tr\/cookie-policy\/","url":"https:\/\/www.addatours.com\/tr\/cookie-policy\/","name":"\u00c7erez Politikas\u0131 - Adda Tours. Kalkan Airport Transfer Car Hire","isPartOf":{"@id":"https:\/\/www.addatours.com\/tr\/#website"},"datePublished":"2014-04-30T07:00:54+00:00","dateModified":"2026-04-18T21:02:30+00:00","breadcrumb":{"@id":"https:\/\/www.addatours.com\/tr\/cookie-policy\/#breadcrumb"},"inLanguage":"tr","potentialAction":[{"@type":"ReadAction","target":["https:\/\/www.addatours.com\/tr\/cookie-policy\/"]}]},{"@type":"BreadcrumbList","@id":"https:\/\/www.addatours.com\/tr\/cookie-policy\/#breadcrumb","itemListElement":[{"@type":"ListItem","position":1,"name":"Home","item":"https:\/\/www.addatours.com\/tr\/"},{"@type":"ListItem","position":2,"name":"\u00c7erez Politikas\u0131"}]},{"@type":"WebSite","@id":"https:\/\/www.addatours.com\/tr\/#website","url":"https:\/\/www.addatours.com\/tr\/","name":"Adda Tours. Kalkan Airport Transfer Car Hire","description":"Airport Transfers, Car Hire, Rent a car, Dalaman, Antalya, Kalkan","potentialAction":[{"@type":"SearchAction","target":{"@type":"EntryPoint","urlTemplate":"https:\/\/www.addatours.com\/tr\/?s={search_term_string}"},"query-input":{"@type":"PropertyValueSpecification","valueRequired":true,"valueName":"search_term_string"}}],"inLanguage":"tr"}]}},"_links":{"self":[{"href":"https:\/\/www.addatours.com\/tr\/wp-json\/wp\/v2\/pages\/11026","targetHints":{"allow":["GET"]}}],"collection":[{"href":"https:\/\/www.addatours.com\/tr\/wp-json\/wp\/v2\/pages"}],"about":[{"href":"https:\/\/www.addatours.com\/tr\/wp-json\/wp\/v2\/types\/page"}],"author":[{"embeddable":true,"href":"https:\/\/www.addatours.com\/tr\/wp-json\/wp\/v2\/users\/1"}],"replies":[{"embeddable":true,"href":"https:\/\/www.addatours.com\/tr\/wp-json\/wp\/v2\/comments?post=11026"}],"version-history":[{"count":2,"href":"https:\/\/www.addatours.com\/tr\/wp-json\/wp\/v2\/pages\/11026\/revisions"}],"predecessor-version":[{"id":11034,"href":"https:\/\/www.addatours.com\/tr\/wp-json\/wp\/v2\/pages\/11026\/revisions\/11034"}],"wp:attachment":[{"href":"https:\/\/www.addatours.com\/tr\/wp-json\/wp\/v2\/media?parent=11026"}],"curies":[{"name":"wp","href":"https:\/\/api.w.org\/{rel}","templated":true}]}}