{"id":11030,"date":"2014-04-30T08:00:50","date_gmt":"2014-04-30T05:00:50","guid":{"rendered":"https:\/\/www.addatours.com\/cancellation-refund-policy\/"},"modified":"2026-04-28T01:38:33","modified_gmt":"2026-04-27T22:38:33","slug":"cancellation-refund-policy","status":"publish","type":"page","link":"https:\/\/www.addatours.com\/tr\/cancellation-refund-policy\/","title":{"rendered":"\u0130ptal ve \u0130ade Ko\u015fullar\u0131"},"content":{"rendered":"<p><strong>\u0130PTAL VE \u0130ADE KO\u015eULLARI<\/strong><\/p>\n<p data-start=\"153\" data-end=\"196\">\u0130ptal talepleri a\u015fa\u011f\u0131daki \u015fartlara tabidir:<\/p>\n<p data-start=\"198\" data-end=\"1001\">\u2022 Planlanan hizmet tarihinden <strong data-start=\"228\" data-end=\"252\">7 g\u00fcn \u00f6ncesine kadar<\/strong> yap\u0131lan iptallerde \u00fccretin tamam\u0131 iade edilir.<br data-start=\"299\" data-end=\"302\" \/>\u2022 Planlanan hizmet tarihinden <strong data-start=\"332\" data-end=\"362\">7 g\u00fcn ile 72 saat aras\u0131nda<\/strong> yap\u0131lan iptallerde \u00fccretin %50\u2019si iade edilir.<br data-start=\"409\" data-end=\"412\" \/>\u2022 Planlanan hizmete <strong data-start=\"432\" data-end=\"459\">72 saatten az s\u00fcre kala<\/strong> yap\u0131lan iptallerde iade yap\u0131lmaz.<br data-start=\"493\" data-end=\"496\" \/>\u2022 <strong data-start=\"498\" data-end=\"540\">No-show (hizmete kat\u0131l\u0131m sa\u011flanmamas\u0131)<\/strong> durumunda iade yap\u0131lmaz.<br data-start=\"565\" data-end=\"568\" data-is-only-node=\"\" \/>\u2022 Bu iptal ko\u015fullar\u0131 transfer hizmetleri i\u00e7in de ge\u00e7erlidir.<br data-start=\"628\" data-end=\"631\" \/>\u2022 Tur hizmetlerine ili\u015fkin iptal ko\u015fullar\u0131, hizmete g\u00f6re farkl\u0131l\u0131k g\u00f6sterebilir ve rezervasyon s\u0131ras\u0131nda ayr\u0131ca bildirilecektir.<br data-start=\"759\" data-end=\"762\" \/>\u2022 \u0130adeler, \u00f6demenin yap\u0131ld\u0131\u011f\u0131 y\u00f6ntem ile ger\u00e7ekle\u015ftirilecektir.<br data-start=\"825\" data-end=\"828\" \/>\u2022 Bankalar ve \u00f6deme sa\u011flay\u0131c\u0131lar\u0131ndan kaynaklanan gecikmelerden Sat\u0131c\u0131 sorumlu de\u011fildir.<br data-start=\"916\" data-end=\"919\" \/>\u2022 T\u00fcm iptal taleplerinin e-posta yoluyla yaz\u0131l\u0131 olarak iletilmesi gerekmektedir.<\/p>\n","protected":false},"excerpt":{"rendered":"<p>\u0130PTAL VE \u0130ADE KO\u015eULLARI \u0130ptal talepleri a\u015fa\u011f\u0131daki \u015fartlara tabidir: \u2022 Planlanan hizmet tarihinden 7 g\u00fcn \u00f6ncesine kadar yap\u0131lan iptallerde \u00fccretin tamam\u0131 iade edilir.\u2022 Planlanan hizmet&hellip;<\/p>\n","protected":false},"author":1,"featured_media":0,"parent":0,"menu_order":0,"comment_status":"open","ping_status":"open","template":"contactpage.php","meta":{"_acf_changed":false,"footnotes":""},"class_list":["post-11030","page","type-page","status-publish","hentry"],"acf":[],"yoast_head":"<!-- This site is optimized with the Yoast SEO plugin v27.5 - https:\/\/yoast.com\/product\/yoast-seo-wordpress\/ -->\n<title>\u0130ptal ve \u0130ade Ko\u015fullar\u0131 - Adda Tours. Kalkan Airport Transfer Car Hire<\/title>\n<meta name=\"robots\" content=\"index, follow, max-snippet:-1, max-image-preview:large, max-video-preview:-1\" \/>\n<link rel=\"canonical\" href=\"https:\/\/www.addatours.com\/tr\/cancellation-refund-policy\/\" \/>\n<meta property=\"og:locale\" content=\"tr_TR\" \/>\n<meta property=\"og:type\" content=\"article\" \/>\n<meta property=\"og:title\" content=\"\u0130ptal ve \u0130ade Ko\u015fullar\u0131 - Adda Tours. Kalkan Airport Transfer Car Hire\" \/>\n<meta property=\"og:description\" content=\"\u0130PTAL VE \u0130ADE KO\u015eULLARI \u0130ptal talepleri a\u015fa\u011f\u0131daki \u015fartlara tabidir: \u2022 Planlanan hizmet tarihinden 7 g\u00fcn \u00f6ncesine kadar yap\u0131lan iptallerde \u00fccretin tamam\u0131 iade edilir.\u2022 Planlanan hizmet&hellip;\" \/>\n<meta property=\"og:url\" content=\"https:\/\/www.addatours.com\/tr\/cancellation-refund-policy\/\" \/>\n<meta property=\"og:site_name\" content=\"Adda Tours. Kalkan Airport Transfer Car Hire\" \/>\n<meta property=\"article:publisher\" content=\"https:\/\/www.facebook.com\/AddaTours\/\" \/>\n<meta property=\"article:modified_time\" content=\"2026-04-27T22:38:33+00:00\" \/>\n<meta name=\"twitter:label1\" content=\"Est. reading time\" \/>\n\t<meta name=\"twitter:data1\" content=\"1 minute\" \/>\n<script type=\"application\/ld+json\" class=\"yoast-schema-graph\">{\"@context\":\"https:\\\/\\\/schema.org\",\"@graph\":[{\"@type\":\"WebPage\",\"@id\":\"https:\\\/\\\/www.addatours.com\\\/tr\\\/cancellation-refund-policy\\\/\",\"url\":\"https:\\\/\\\/www.addatours.com\\\/tr\\\/cancellation-refund-policy\\\/\",\"name\":\"\u0130ptal ve \u0130ade Ko\u015fullar\u0131 - Adda Tours. Kalkan Airport Transfer Car Hire\",\"isPartOf\":{\"@id\":\"https:\\\/\\\/www.addatours.com\\\/tr\\\/#website\"},\"datePublished\":\"2014-04-30T05:00:50+00:00\",\"dateModified\":\"2026-04-27T22:38:33+00:00\",\"breadcrumb\":{\"@id\":\"https:\\\/\\\/www.addatours.com\\\/tr\\\/cancellation-refund-policy\\\/#breadcrumb\"},\"inLanguage\":\"tr\",\"potentialAction\":[{\"@type\":\"ReadAction\",\"target\":[\"https:\\\/\\\/www.addatours.com\\\/tr\\\/cancellation-refund-policy\\\/\"]}]},{\"@type\":\"BreadcrumbList\",\"@id\":\"https:\\\/\\\/www.addatours.com\\\/tr\\\/cancellation-refund-policy\\\/#breadcrumb\",\"itemListElement\":[{\"@type\":\"ListItem\",\"position\":1,\"name\":\"Home\",\"item\":\"https:\\\/\\\/www.addatours.com\\\/tr\\\/\"},{\"@type\":\"ListItem\",\"position\":2,\"name\":\"\u0130ptal ve \u0130ade Ko\u015fullar\u0131\"}]},{\"@type\":\"WebSite\",\"@id\":\"https:\\\/\\\/www.addatours.com\\\/tr\\\/#website\",\"url\":\"https:\\\/\\\/www.addatours.com\\\/tr\\\/\",\"name\":\"Adda Tours. Kalkan Airport Transfer Car Hire\",\"description\":\"Airport Transfers, Car Hire, Rent a car, Dalaman, Antalya, Kalkan\",\"potentialAction\":[{\"@type\":\"SearchAction\",\"target\":{\"@type\":\"EntryPoint\",\"urlTemplate\":\"https:\\\/\\\/www.addatours.com\\\/tr\\\/?s={search_term_string}\"},\"query-input\":{\"@type\":\"PropertyValueSpecification\",\"valueRequired\":true,\"valueName\":\"search_term_string\"}}],\"inLanguage\":\"tr\"}]}<\/script>\n<!-- \/ Yoast SEO plugin. -->","yoast_head_json":{"title":"\u0130ptal ve \u0130ade Ko\u015fullar\u0131 - Adda Tours. Kalkan Airport Transfer Car Hire","robots":{"index":"index","follow":"follow","max-snippet":"max-snippet:-1","max-image-preview":"max-image-preview:large","max-video-preview":"max-video-preview:-1"},"canonical":"https:\/\/www.addatours.com\/tr\/cancellation-refund-policy\/","og_locale":"tr_TR","og_type":"article","og_title":"\u0130ptal ve \u0130ade Ko\u015fullar\u0131 - Adda Tours. Kalkan Airport Transfer Car Hire","og_description":"\u0130PTAL VE \u0130ADE KO\u015eULLARI \u0130ptal talepleri a\u015fa\u011f\u0131daki \u015fartlara tabidir: \u2022 Planlanan hizmet tarihinden 7 g\u00fcn \u00f6ncesine kadar yap\u0131lan iptallerde \u00fccretin tamam\u0131 iade edilir.\u2022 Planlanan hizmet&hellip;","og_url":"https:\/\/www.addatours.com\/tr\/cancellation-refund-policy\/","og_site_name":"Adda Tours. Kalkan Airport Transfer Car Hire","article_publisher":"https:\/\/www.facebook.com\/AddaTours\/","article_modified_time":"2026-04-27T22:38:33+00:00","twitter_misc":{"Est. reading time":"1 minute"},"schema":{"@context":"https:\/\/schema.org","@graph":[{"@type":"WebPage","@id":"https:\/\/www.addatours.com\/tr\/cancellation-refund-policy\/","url":"https:\/\/www.addatours.com\/tr\/cancellation-refund-policy\/","name":"\u0130ptal ve \u0130ade Ko\u015fullar\u0131 - Adda Tours. Kalkan Airport Transfer Car Hire","isPartOf":{"@id":"https:\/\/www.addatours.com\/tr\/#website"},"datePublished":"2014-04-30T05:00:50+00:00","dateModified":"2026-04-27T22:38:33+00:00","breadcrumb":{"@id":"https:\/\/www.addatours.com\/tr\/cancellation-refund-policy\/#breadcrumb"},"inLanguage":"tr","potentialAction":[{"@type":"ReadAction","target":["https:\/\/www.addatours.com\/tr\/cancellation-refund-policy\/"]}]},{"@type":"BreadcrumbList","@id":"https:\/\/www.addatours.com\/tr\/cancellation-refund-policy\/#breadcrumb","itemListElement":[{"@type":"ListItem","position":1,"name":"Home","item":"https:\/\/www.addatours.com\/tr\/"},{"@type":"ListItem","position":2,"name":"\u0130ptal ve \u0130ade Ko\u015fullar\u0131"}]},{"@type":"WebSite","@id":"https:\/\/www.addatours.com\/tr\/#website","url":"https:\/\/www.addatours.com\/tr\/","name":"Adda Tours. Kalkan Airport Transfer Car Hire","description":"Airport Transfers, Car Hire, Rent a car, Dalaman, Antalya, Kalkan","potentialAction":[{"@type":"SearchAction","target":{"@type":"EntryPoint","urlTemplate":"https:\/\/www.addatours.com\/tr\/?s={search_term_string}"},"query-input":{"@type":"PropertyValueSpecification","valueRequired":true,"valueName":"search_term_string"}}],"inLanguage":"tr"}]}},"_links":{"self":[{"href":"https:\/\/www.addatours.com\/tr\/wp-json\/wp\/v2\/pages\/11030","targetHints":{"allow":["GET"]}}],"collection":[{"href":"https:\/\/www.addatours.com\/tr\/wp-json\/wp\/v2\/pages"}],"about":[{"href":"https:\/\/www.addatours.com\/tr\/wp-json\/wp\/v2\/types\/page"}],"author":[{"embeddable":true,"href":"https:\/\/www.addatours.com\/tr\/wp-json\/wp\/v2\/users\/1"}],"replies":[{"embeddable":true,"href":"https:\/\/www.addatours.com\/tr\/wp-json\/wp\/v2\/comments?post=11030"}],"version-history":[{"count":2,"href":"https:\/\/www.addatours.com\/tr\/wp-json\/wp\/v2\/pages\/11030\/revisions"}],"predecessor-version":[{"id":11246,"href":"https:\/\/www.addatours.com\/tr\/wp-json\/wp\/v2\/pages\/11030\/revisions\/11246"}],"wp:attachment":[{"href":"https:\/\/www.addatours.com\/tr\/wp-json\/wp\/v2\/media?parent=11030"}],"curies":[{"name":"wp","href":"https:\/\/api.w.org\/{rel}","templated":true}]}}